{"id":1389,"date":"2018-11-29T17:33:59","date_gmt":"2018-11-29T16:33:59","guid":{"rendered":"https:\/\/jaeger-fluid.de\/?page_id=1389"},"modified":"2024-11-04T12:15:51","modified_gmt":"2024-11-04T11:15:51","slug":"impressum","status":"publish","type":"page","link":"https:\/\/jaeger-fluid.de\/en\/impressum\/","title":{"rendered":"Imprint"},"content":{"rendered":"<div data-elementor-type=\"wp-post\" data-elementor-id=\"1389\" class=\"elementor elementor-1389\">\n\t\t\t\t\t\t<section class=\"elementor-section elementor-top-section elementor-element elementor-element-2ade635 elementor-section-content-middle elementor-reverse-mobile elementor-section-boxed elementor-section-height-default elementor-section-height-default\" data-id=\"2ade635\" data-element_type=\"section\" data-e-type=\"section\">\n\t\t\t\t\t\t<div class=\"elementor-container elementor-column-gap-default\">\n\t\t\t\t\t<div class=\"elementor-column elementor-col-100 elementor-top-column elementor-element elementor-element-be63418\" data-id=\"be63418\" data-element_type=\"column\" data-e-type=\"column\">\n\t\t\t<div class=\"elementor-widget-wrap elementor-element-populated\">\n\t\t\t\t\t\t<div class=\"elementor-element elementor-element-b42b283 elementor-widget elementor-widget-text-editor\" data-id=\"b42b283\" data-element_type=\"widget\" data-e-type=\"widget\" data-widget_type=\"text-editor.default\">\n\t\t\t\t<div class=\"elementor-widget-container\">\n\t\t\t\t\t\t\t\t\t<p>J\u00c4GER Fluid GmbH<br>Am Hardtwald 3<br>76275 Ettlingen\nGermany<\/p>\n<p>Telefon: +4972432057135<br>E-Mail: <a href=\"mailto:info@jaeger-fluid.de\">info@jaeger-fluid.de<\/a><\/p>\n<p><strong>Vertreten durch:<\/strong><br>Herrn Thomas Probst<\/p>\n<p><strong>Registereintrag:<\/strong><br>Eingetragen im Handelsregister.<br>Registergericht: Amtsgericht Mannheim<br>Registernummer: HRB 706699<\/p>\n<p><strong>Umsatzsteuer-ID: <\/strong><br>Umsatzsteuer-Identifikationsnummer nach \u00a727a Umsatzsteuergesetz:<br>DE265072419<\/p>\n<h2>Disclaimer \u2013 rechtliche Hinweise<\/h2>\n<p>\u00a7 1 Warnhinweis zu Inhalten<br>Die kostenlosen und frei zug\u00e4nglichen Inhalte dieser Webseite wurden mit gr\u00f6\u00dftm\u00f6glicher Sorgfalt erstellt. Der Anbieter dieser Webseite \u00fcbernimmt jedoch keine Gew\u00e4hr f\u00fcr die Richtigkeit und Aktualit\u00e4t der bereitgestellten kostenlosen und frei zug\u00e4nglichen journalistischen Ratgeber und Nachrichten. Namentlich gekennzeichnete Beitr\u00e4ge geben die Meinung des jeweiligen Autors und nicht immer die Meinung des Anbieters wieder. Allein durch den Aufruf der kostenlosen und frei zug\u00e4nglichen Inhalte kommt keinerlei Vertragsverh\u00e4ltnis zwischen dem Nutzer und dem Anbieter zustande, insoweit fehlt es am Rechtsbindungswillen des Anbieters.<\/p>\n<p>\u00a7 2 Externe Links<br>Diese Website enth\u00e4lt Verkn\u00fcpfungen zu Websites Dritter (&#8222;externe Links&#8220;). Diese Websites unterliegen der Haftung der jeweiligen Betreiber. Der Anbieter hat bei der erstmaligen Verkn\u00fcpfung der externen Links die fremden Inhalte daraufhin \u00fcberpr\u00fcft, ob etwaige Rechtsverst\u00f6\u00dfe bestehen. Zu dem Zeitpunkt waren keine Rechtsverst\u00f6\u00dfe ersichtlich. Der Anbieter hat keinerlei Einfluss auf die aktuelle und zuk\u00fcnftige Gestaltung und auf die Inhalte der verkn\u00fcpften Seiten. Das Setzen von externen Links bedeutet nicht, dass sich der Anbieter die hinter dem Verweis oder Link liegenden Inhalte zu Eigen macht. Eine st\u00e4ndige Kontrolle der externen Links ist f\u00fcr den Anbieter ohne konkrete Hinweise auf Rechtsverst\u00f6\u00dfe nicht zumutbar. Bei Kenntnis von Rechtsverst\u00f6\u00dfen werden jedoch derartige externe Links unverz\u00fcglich gel\u00f6scht.<\/p>\n<p>\u00a7 3 Urheber- und Leistungsschutzrechte<br>Die auf dieser Website ver\u00f6ffentlichten Inhalte unterliegen dem deutschen Urheber- und Leistungsschutzrecht. Jede vom deutschen Urheber- und Leistungsschutzrecht nicht zugelassene Verwertung bedarf der vorherigen schriftlichen Zustimmung des Anbieters oder jeweiligen Rechteinhabers. Dies gilt insbesondere f\u00fcr Vervielf\u00e4ltigung, Bearbeitung, \u00dcbersetzung, Einspeicherung, Verarbeitung bzw. Wiedergabe von Inhalten in Datenbanken oder anderen elektronischen Medien und Systemen. Inhalte und Rechte Dritter sind dabei als solche gekennzeichnet. Die unerlaubte Vervielf\u00e4ltigung oder Weitergabe einzelner Inhalte oder kompletter Seiten ist nicht gestattet und strafbar. Lediglich die Herstellung von Kopien und Downloads f\u00fcr den pers\u00f6nlichen, privaten und nicht kommerziellen Gebrauch ist erlaubt.<\/p>\n<p>Die Darstellung dieser Website in fremden Frames ist nur mit schriftlicher Erlaubnis zul\u00e4ssig.<\/p>\n<p>\u00a7 4 Besondere Nutzungsbedingungen<br>Soweit besondere Bedingungen f\u00fcr einzelne Nutzungen dieser Website von den vorgenannten Paragraphen abweichen, wird an entsprechender Stelle ausdr\u00fccklich darauf hingewiesen. In diesem Falle gelten im jeweiligen Einzelfall die besonderen Nutzungsbedingungen.<\/p>\n<p>Quelle: <a href=\"https:\/\/www.juraforum.de\/impressum-generator\/\">Weiter lesen<\/a><\/p>\n<p><a href=\"https:\/\/designerkreis.de\/\" target=\"_blank\" rel=\"noopener\"><img decoding=\"async\" src=\"https:\/\/jaeger-fluid.de\/wp-content\/uploads\/2018\/12\/300x20-300x17.png\" alt=\"\" width=\"300\" height=\"17\"><\/a><br>Ansprechpartner: Daniel Beifus<br><a href=\"mailto:info@designerkreis.de\">info@designerkreis.de<\/a><br><a href=\"tel:+4907055-9129980\">07055-9129980<\/a><\/p>\t\t\t\t\t\t\t\t<\/div>\n\t\t\t\t<\/div>\n\t\t\t\t\t<\/div>\n\t\t<\/div>\n\t\t\t\t\t<\/div>\n\t\t<\/section>\n\t\t\t\t<section class=\"elementor-section elementor-top-section elementor-element elementor-element-7b57c41 elementor-section-boxed elementor-section-height-default elementor-section-height-default\" data-id=\"7b57c41\" data-element_type=\"section\" data-e-type=\"section\" id=\"kontakt\" data-settings=\"{&quot;background_background&quot;:&quot;classic&quot;}\">\n\t\t\t\t\t\t<div class=\"elementor-container elementor-column-gap-default\">\n\t\t\t\t\t<div class=\"elementor-column elementor-col-50 elementor-top-column elementor-element elementor-element-3204aeb\" data-id=\"3204aeb\" data-element_type=\"column\" data-e-type=\"column\">\n\t\t\t<div class=\"elementor-widget-wrap elementor-element-populated\">\n\t\t\t\t\t\t<section class=\"elementor-section elementor-inner-section elementor-element elementor-element-3b6fde1 elementor-section-boxed elementor-section-height-default elementor-section-height-default\" data-id=\"3b6fde1\" data-element_type=\"section\" data-e-type=\"section\" data-settings=\"{&quot;background_background&quot;:&quot;classic&quot;}\">\n\t\t\t\t\t\t<div class=\"elementor-container elementor-column-gap-default\">\n\t\t\t\t\t<div class=\"elementor-column elementor-col-100 elementor-inner-column elementor-element elementor-element-055f117\" data-id=\"055f117\" data-element_type=\"column\" data-e-type=\"column\">\n\t\t\t<div class=\"elementor-widget-wrap elementor-element-populated\">\n\t\t\t\t\t\t<div class=\"elementor-element elementor-element-374e29f elementor-view-framed elementor-shape-square elementor-widget elementor-widget-icon\" data-id=\"374e29f\" data-element_type=\"widget\" data-e-type=\"widget\" data-widget_type=\"icon.default\">\n\t\t\t\t<div class=\"elementor-widget-container\">\n\t\t\t\t\t\t\t<div class=\"elementor-icon-wrapper\">\n\t\t\t<div class=\"elementor-icon\">\n\t\t\t\t\t\t\t<i class=\"fa fa-map-marker\" aria-hidden=\"true\"><\/i>\n\t\t\t\t\t\t<\/div>\n\t\t<\/div>\n\t\t\t\t\t\t<\/div>\n\t\t\t\t<\/div>\n\t\t\t\t<div class=\"elementor-element elementor-element-d5f6572 elementor-widget elementor-widget-heading\" data-id=\"d5f6572\" data-element_type=\"widget\" data-e-type=\"widget\" data-widget_type=\"heading.default\">\n\t\t\t\t<div class=\"elementor-widget-container\">\n\t\t\t\t\t<h4 class=\"elementor-heading-title elementor-size-default\">Address<\/h4>\t\t\t\t<\/div>\n\t\t\t\t<\/div>\n\t\t\t\t<div class=\"elementor-element elementor-element-c3b2990 elementor-widget elementor-widget-text-editor\" data-id=\"c3b2990\" data-element_type=\"widget\" data-e-type=\"widget\" data-widget_type=\"text-editor.default\">\n\t\t\t\t<div class=\"elementor-widget-container\">\n\t\t\t\t\t\t\t\t\t<p>J\u00c4GER Fluid GmbH<br \/>Am Hardtwald 3<br \/>76275 Ettlingen\nGermany<\/p><p><a href=\"https:\/\/goo.gl\/maps\/daEBnmyNgBG2\" target=\"_blank\" rel=\"noopener\">Google Maps<\/a><\/p>\t\t\t\t\t\t\t\t<\/div>\n\t\t\t\t<\/div>\n\t\t\t\t\t<\/div>\n\t\t<\/div>\n\t\t\t\t\t<\/div>\n\t\t<\/section>\n\t\t\t\t\t<\/div>\n\t\t<\/div>\n\t\t\t\t<div class=\"elementor-column elementor-col-50 elementor-top-column elementor-element elementor-element-9382202\" data-id=\"9382202\" data-element_type=\"column\" data-e-type=\"column\">\n\t\t\t<div class=\"elementor-widget-wrap elementor-element-populated\">\n\t\t\t\t\t\t<div class=\"elementor-element elementor-element-7bc3492 elementor-widget elementor-widget-google_maps\" data-id=\"7bc3492\" data-element_type=\"widget\" data-e-type=\"widget\" data-widget_type=\"google_maps.default\">\n\t\t\t\t<div class=\"elementor-widget-container\">\n\t\t\t\t\t\t\t<div class=\"elementor-custom-embed\">\n\t\t\t<iframe loading=\"lazy\"\n\t\t\t\t\tsrc=\"https:\/\/maps.google.com\/maps?q=Am%20Hardtwald%203%2076275%20Ettlingen&#038;t=m&#038;z=6&#038;output=embed&#038;iwloc=near\"\n\t\t\t\t\ttitle=\"Am Hardtwald 3 76275 Ettlingen\"\n\t\t\t\t\taria-label=\"Am Hardtwald 3 76275 Ettlingen\"\n\t\t\t><\/iframe>\n\t\t<\/div>\n\t\t\t\t\t\t<\/div>\n\t\t\t\t<\/div>\n\t\t\t\t\t<\/div>\n\t\t<\/div>\n\t\t\t\t\t<\/div>\n\t\t<\/section>\n\t\t\t\t<section class=\"elementor-section elementor-top-section elementor-element elementor-element-5ca74078 elementor-section-boxed elementor-section-height-default elementor-section-height-default\" data-id=\"5ca74078\" data-element_type=\"section\" data-e-type=\"section\" data-settings=\"{&quot;background_background&quot;:&quot;classic&quot;}\">\n\t\t\t\t\t\t\t<div class=\"elementor-background-overlay\"><\/div>\n\t\t\t\t\t\t\t<div class=\"elementor-container elementor-column-gap-default\">\n\t\t\t\t\t<div class=\"elementor-column elementor-col-33 elementor-top-column elementor-element elementor-element-621ab5b1\" data-id=\"621ab5b1\" data-element_type=\"column\" data-e-type=\"column\">\n\t\t\t<div class=\"elementor-widget-wrap elementor-element-populated\">\n\t\t\t\t\t\t<div class=\"elementor-element elementor-element-2bd664ea elementor-align-center elementor-widget elementor-widget-button\" data-id=\"2bd664ea\" data-element_type=\"widget\" data-e-type=\"widget\" data-widget_type=\"button.default\">\n\t\t\t\t<div class=\"elementor-widget-container\">\n\t\t\t\t\t\t\t\t\t<div class=\"elementor-button-wrapper\">\n\t\t\t\t\t<a class=\"elementor-button elementor-button-link elementor-size-lg\" href=\"#\">\n\t\t\t\t\t\t<span class=\"elementor-button-content-wrapper\">\n\t\t\t\t\t\t<span class=\"elementor-button-icon\">\n\t\t\t\t\t\t\t\t\t<i class=\"fa fa-calendar\" aria-hidden=\"true\"><\/i>\n\t\t\t\t\t\t\t<\/span>\n\t\t\t\t\t\t\t\t\t<span class=\"elementor-button-text\">Request a callback<\/span>\n\t\t\t\t\t<\/span>\n\t\t\t\t\t<\/a>\n\t\t\t\t<\/div>\n\t\t\t\t\t\t\t\t<\/div>\n\t\t\t\t<\/div>\n\t\t\t\t\t<\/div>\n\t\t<\/div>\n\t\t\t\t<div class=\"elementor-column elementor-col-33 elementor-top-column elementor-element elementor-element-5ccadf2f\" data-id=\"5ccadf2f\" data-element_type=\"column\" data-e-type=\"column\">\n\t\t\t<div class=\"elementor-widget-wrap elementor-element-populated\">\n\t\t\t\t\t\t<div class=\"elementor-element elementor-element-23e80f8b elementor-align-center elementor-widget elementor-widget-button\" data-id=\"23e80f8b\" data-element_type=\"widget\" data-e-type=\"widget\" data-widget_type=\"button.default\">\n\t\t\t\t<div class=\"elementor-widget-container\">\n\t\t\t\t\t\t\t\t\t<div class=\"elementor-button-wrapper\">\n\t\t\t\t\t<a class=\"elementor-button elementor-button-link elementor-size-lg\" href=\"tel:+4972432057135\">\n\t\t\t\t\t\t<span class=\"elementor-button-content-wrapper\">\n\t\t\t\t\t\t<span class=\"elementor-button-icon\">\n\t\t\t\t\t\t\t\t\t<i class=\"fa fa-phone\" aria-hidden=\"true\"><\/i>\n\t\t\t\t\t\t\t<\/span>\n\t\t\t\t\t\t\t\t\t<span class=\"elementor-button-text\">+49 7243 2057 135<\/span>\n\t\t\t\t\t<\/span>\n\t\t\t\t\t<\/a>\n\t\t\t\t<\/div>\n\t\t\t\t\t\t\t\t<\/div>\n\t\t\t\t<\/div>\n\t\t\t\t\t<\/div>\n\t\t<\/div>\n\t\t\t\t<div class=\"elementor-column elementor-col-33 elementor-top-column elementor-element elementor-element-3e2d39d\" data-id=\"3e2d39d\" data-element_type=\"column\" data-e-type=\"column\">\n\t\t\t<div class=\"elementor-widget-wrap elementor-element-populated\">\n\t\t\t\t\t\t<div class=\"elementor-element elementor-element-528b0610 elementor-align-center elementor-widget elementor-widget-button\" data-id=\"528b0610\" data-element_type=\"widget\" data-e-type=\"widget\" data-widget_type=\"button.default\">\n\t\t\t\t<div class=\"elementor-widget-container\">\n\t\t\t\t\t\t\t\t\t<div class=\"elementor-button-wrapper\">\n\t\t\t\t\t<a class=\"elementor-button elementor-button-link elementor-size-lg\" href=\"http:\/\/Kontakt\">\n\t\t\t\t\t\t<span class=\"elementor-button-content-wrapper\">\n\t\t\t\t\t\t<span class=\"elementor-button-icon\">\n\t\t\t\t\t\t\t\t\t<i class=\"fa fa-envelope-o\" aria-hidden=\"true\"><\/i>\n\t\t\t\t\t\t\t<\/span>\n\t\t\t\t\t\t\t\t\t<span class=\"elementor-button-text\">Write an email<\/span>\n\t\t\t\t\t<\/span>\n\t\t\t\t\t<\/a>\n\t\t\t\t<\/div>\n\t\t\t\t\t\t\t\t<\/div>\n\t\t\t\t<\/div>\n\t\t\t\t\t<\/div>\n\t\t<\/div>\n\t\t\t\t\t<\/div>\n\t\t<\/section>\n\t\t\t\t<\/div>","protected":false},"excerpt":{"rendered":"<p>J\u00c4GER Fluid GmbHAm Hardtwald 376275 Ettlingen Telefon: +4972432057135E-Mail: info@jaeger-fluid.de Vertreten durch:Herrn Thomas Probst Registereintrag:Eingetragen im Handelsregister.Registergericht: Amtsgericht MannheimRegisternummer: HRB 706699 Umsatzsteuer-ID: Umsatzsteuer-Identifikationsnummer nach \u00a727a Umsatzsteuergesetz:DE265072419 Disclaimer \u2013 rechtliche Hinweise \u00a7 1 Warnhinweis zu InhaltenDie kostenlosen und frei zug\u00e4nglichen Inhalte dieser Webseite wurden mit gr\u00f6\u00dftm\u00f6glicher Sorgfalt erstellt. Der Anbieter dieser Webseite \u00fcbernimmt jedoch keine Gew\u00e4hr f\u00fcr &#8230; <a title=\"Imprint\" class=\"read-more\" href=\"https:\/\/jaeger-fluid.de\/en\/impressum\/\" aria-label=\"Read more about Impressum\">Read more<\/a><\/p>","protected":false},"author":1,"featured_media":0,"parent":0,"menu_order":0,"comment_status":"closed","ping_status":"closed","template":"","meta":{"inline_featured_image":false,"footnotes":""},"class_list":["post-1389","page","type-page","status-publish"],"yoast_head":"<!-- This site is optimized with the Yoast SEO plugin v27.4 - https:\/\/yoast.com\/product\/yoast-seo-wordpress\/ -->\n<title>Impressum - J\u00e4ger Fluid GmbH<\/title>\n<meta name=\"description\" content=\"Das ist das Impressum der J\u00e4ger Fluid GmbH in Ettlingen. Hier finden Sie die relevanten Daten des Verantwortlichen f\u00fcr den Inhalt nach \u00a7 55 Abs.\" \/>\n<meta name=\"robots\" content=\"index, follow, max-snippet:-1, max-image-preview:large, max-video-preview:-1\" \/>\n<link rel=\"canonical\" href=\"https:\/\/jaeger-fluid.de\/en\/impressum\/\" \/>\n<meta property=\"og:locale\" content=\"en_GB\" \/>\n<meta property=\"og:type\" content=\"article\" \/>\n<meta property=\"og:title\" content=\"Impressum - J\u00e4ger Fluid GmbH\" \/>\n<meta property=\"og:description\" content=\"Das ist das Impressum der J\u00e4ger Fluid GmbH in Ettlingen. Hier finden Sie die relevanten Daten des Verantwortlichen f\u00fcr den Inhalt nach \u00a7 55 Abs.\" \/>\n<meta property=\"og:url\" content=\"https:\/\/jaeger-fluid.de\/en\/impressum\/\" \/>\n<meta property=\"og:site_name\" content=\"J\u00e4ger Fluid GmbH\" \/>\n<meta property=\"article:modified_time\" content=\"2024-11-04T11:15:51+00:00\" \/>\n<meta property=\"og:image\" content=\"https:\/\/jaeger-fluid.de\/wp-content\/uploads\/2018\/12\/300x20-300x17.png\" \/>\n<meta name=\"twitter:card\" content=\"summary_large_image\" \/>\n<meta name=\"twitter:label1\" content=\"Estimated reading time\" \/>\n\t<meta name=\"twitter:data1\" content=\"2 minutes\" \/>\n<script type=\"application\/ld+json\" class=\"yoast-schema-graph\">{\"@context\":\"https:\\\/\\\/schema.org\",\"@graph\":[{\"@type\":\"WebPage\",\"@id\":\"https:\\\/\\\/jaeger-fluid.de\\\/impressum\\\/\",\"url\":\"https:\\\/\\\/jaeger-fluid.de\\\/impressum\\\/\",\"name\":\"Impressum - J\u00e4ger Fluid GmbH\",\"isPartOf\":{\"@id\":\"https:\\\/\\\/jaeger-fluid.de\\\/#website\"},\"primaryImageOfPage\":{\"@id\":\"https:\\\/\\\/jaeger-fluid.de\\\/impressum\\\/#primaryimage\"},\"image\":{\"@id\":\"https:\\\/\\\/jaeger-fluid.de\\\/impressum\\\/#primaryimage\"},\"thumbnailUrl\":\"https:\\\/\\\/jaeger-fluid.de\\\/wp-content\\\/uploads\\\/2018\\\/12\\\/300x20-300x17.png\",\"datePublished\":\"2018-11-29T16:33:59+00:00\",\"dateModified\":\"2024-11-04T11:15:51+00:00\",\"description\":\"Das ist das Impressum der J\u00e4ger Fluid GmbH in Ettlingen. Hier finden Sie die relevanten Daten des Verantwortlichen f\u00fcr den Inhalt nach \u00a7 55 Abs.\",\"breadcrumb\":{\"@id\":\"https:\\\/\\\/jaeger-fluid.de\\\/impressum\\\/#breadcrumb\"},\"inLanguage\":\"en-GB\",\"potentialAction\":[{\"@type\":\"ReadAction\",\"target\":[\"https:\\\/\\\/jaeger-fluid.de\\\/impressum\\\/\"]}]},{\"@type\":\"ImageObject\",\"inLanguage\":\"en-GB\",\"@id\":\"https:\\\/\\\/jaeger-fluid.de\\\/impressum\\\/#primaryimage\",\"url\":\"https:\\\/\\\/jaeger-fluid.de\\\/wp-content\\\/uploads\\\/2018\\\/12\\\/300x20-300x17.png\",\"contentUrl\":\"https:\\\/\\\/jaeger-fluid.de\\\/wp-content\\\/uploads\\\/2018\\\/12\\\/300x20-300x17.png\"},{\"@type\":\"BreadcrumbList\",\"@id\":\"https:\\\/\\\/jaeger-fluid.de\\\/impressum\\\/#breadcrumb\",\"itemListElement\":[{\"@type\":\"ListItem\",\"position\":1,\"name\":\"Home\",\"item\":\"https:\\\/\\\/jaeger-fluid.de\\\/\"},{\"@type\":\"ListItem\",\"position\":2,\"name\":\"Impressum\"}]},{\"@type\":\"WebSite\",\"@id\":\"https:\\\/\\\/jaeger-fluid.de\\\/#website\",\"url\":\"https:\\\/\\\/jaeger-fluid.de\\\/\",\"name\":\"J\u00e4ger Fluid GmbH\",\"description\":\"Weil es mit uns bestens l\u00e4uft\",\"publisher\":{\"@id\":\"https:\\\/\\\/jaeger-fluid.de\\\/#organization\"},\"potentialAction\":[{\"@type\":\"SearchAction\",\"target\":{\"@type\":\"EntryPoint\",\"urlTemplate\":\"https:\\\/\\\/jaeger-fluid.de\\\/?s={search_term_string}\"},\"query-input\":{\"@type\":\"PropertyValueSpecification\",\"valueRequired\":true,\"valueName\":\"search_term_string\"}}],\"inLanguage\":\"en-GB\"},{\"@type\":\"Organization\",\"@id\":\"https:\\\/\\\/jaeger-fluid.de\\\/#organization\",\"name\":\"J\u00e4ger Fluid GmbH\",\"url\":\"https:\\\/\\\/jaeger-fluid.de\\\/\",\"logo\":{\"@type\":\"ImageObject\",\"inLanguage\":\"en-GB\",\"@id\":\"https:\\\/\\\/jaeger-fluid.de\\\/#\\\/schema\\\/logo\\\/image\\\/\",\"url\":\"https:\\\/\\\/jaeger-fluid.de\\\/wp-content\\\/uploads\\\/2018\\\/11\\\/Fluid_Jaeger_schwarz_200x.png\",\"contentUrl\":\"https:\\\/\\\/jaeger-fluid.de\\\/wp-content\\\/uploads\\\/2018\\\/11\\\/Fluid_Jaeger_schwarz_200x.png\",\"width\":200,\"height\":42,\"caption\":\"J\u00e4ger Fluid GmbH\"},\"image\":{\"@id\":\"https:\\\/\\\/jaeger-fluid.de\\\/#\\\/schema\\\/logo\\\/image\\\/\"}}]}<\/script>\n<!-- \/ Yoast SEO plugin. -->","yoast_head_json":{"title":"Impressum - J\u00e4ger Fluid GmbH","description":"Das ist das Impressum der J\u00e4ger Fluid GmbH in Ettlingen. Hier finden Sie die relevanten Daten des Verantwortlichen f\u00fcr den Inhalt nach \u00a7 55 Abs.","robots":{"index":"index","follow":"follow","max-snippet":"max-snippet:-1","max-image-preview":"max-image-preview:large","max-video-preview":"max-video-preview:-1"},"canonical":"https:\/\/jaeger-fluid.de\/en\/impressum\/","og_locale":"en_GB","og_type":"article","og_title":"Impressum - J\u00e4ger Fluid GmbH","og_description":"Das ist das Impressum der J\u00e4ger Fluid GmbH in Ettlingen. Hier finden Sie die relevanten Daten des Verantwortlichen f\u00fcr den Inhalt nach \u00a7 55 Abs.","og_url":"https:\/\/jaeger-fluid.de\/en\/impressum\/","og_site_name":"J\u00e4ger Fluid GmbH","article_modified_time":"2024-11-04T11:15:51+00:00","og_image":[{"url":"https:\/\/jaeger-fluid.de\/wp-content\/uploads\/2018\/12\/300x20-300x17.png","type":"","width":"","height":""}],"twitter_card":"summary_large_image","twitter_misc":{"Estimated reading time":"2 minutes"},"schema":{"@context":"https:\/\/schema.org","@graph":[{"@type":"WebPage","@id":"https:\/\/jaeger-fluid.de\/impressum\/","url":"https:\/\/jaeger-fluid.de\/impressum\/","name":"Impressum - J\u00e4ger Fluid GmbH","isPartOf":{"@id":"https:\/\/jaeger-fluid.de\/#website"},"primaryImageOfPage":{"@id":"https:\/\/jaeger-fluid.de\/impressum\/#primaryimage"},"image":{"@id":"https:\/\/jaeger-fluid.de\/impressum\/#primaryimage"},"thumbnailUrl":"https:\/\/jaeger-fluid.de\/wp-content\/uploads\/2018\/12\/300x20-300x17.png","datePublished":"2018-11-29T16:33:59+00:00","dateModified":"2024-11-04T11:15:51+00:00","description":"Das ist das Impressum der J\u00e4ger Fluid GmbH in Ettlingen. Hier finden Sie die relevanten Daten des Verantwortlichen f\u00fcr den Inhalt nach \u00a7 55 Abs.","breadcrumb":{"@id":"https:\/\/jaeger-fluid.de\/impressum\/#breadcrumb"},"inLanguage":"en-GB","potentialAction":[{"@type":"ReadAction","target":["https:\/\/jaeger-fluid.de\/impressum\/"]}]},{"@type":"ImageObject","inLanguage":"en-GB","@id":"https:\/\/jaeger-fluid.de\/impressum\/#primaryimage","url":"https:\/\/jaeger-fluid.de\/wp-content\/uploads\/2018\/12\/300x20-300x17.png","contentUrl":"https:\/\/jaeger-fluid.de\/wp-content\/uploads\/2018\/12\/300x20-300x17.png"},{"@type":"BreadcrumbList","@id":"https:\/\/jaeger-fluid.de\/impressum\/#breadcrumb","itemListElement":[{"@type":"ListItem","position":1,"name":"Home","item":"https:\/\/jaeger-fluid.de\/"},{"@type":"ListItem","position":2,"name":"Impressum"}]},{"@type":"WebSite","@id":"https:\/\/jaeger-fluid.de\/#website","url":"https:\/\/jaeger-fluid.de\/","name":"J\u00e4ger Fluid GmbH","description":"Weil es mit uns bestens l\u00e4uft","publisher":{"@id":"https:\/\/jaeger-fluid.de\/#organization"},"potentialAction":[{"@type":"SearchAction","target":{"@type":"EntryPoint","urlTemplate":"https:\/\/jaeger-fluid.de\/?s={search_term_string}"},"query-input":{"@type":"PropertyValueSpecification","valueRequired":true,"valueName":"search_term_string"}}],"inLanguage":"en-GB"},{"@type":"Organization","@id":"https:\/\/jaeger-fluid.de\/#organization","name":"J\u00e4ger Fluid GmbH","url":"https:\/\/jaeger-fluid.de\/","logo":{"@type":"ImageObject","inLanguage":"en-GB","@id":"https:\/\/jaeger-fluid.de\/#\/schema\/logo\/image\/","url":"https:\/\/jaeger-fluid.de\/wp-content\/uploads\/2018\/11\/Fluid_Jaeger_schwarz_200x.png","contentUrl":"https:\/\/jaeger-fluid.de\/wp-content\/uploads\/2018\/11\/Fluid_Jaeger_schwarz_200x.png","width":200,"height":42,"caption":"J\u00e4ger Fluid GmbH"},"image":{"@id":"https:\/\/jaeger-fluid.de\/#\/schema\/logo\/image\/"}}]}},"_links":{"self":[{"href":"https:\/\/jaeger-fluid.de\/en\/wp-json\/wp\/v2\/pages\/1389","targetHints":{"allow":["GET"]}}],"collection":[{"href":"https:\/\/jaeger-fluid.de\/en\/wp-json\/wp\/v2\/pages"}],"about":[{"href":"https:\/\/jaeger-fluid.de\/en\/wp-json\/wp\/v2\/types\/page"}],"author":[{"embeddable":true,"href":"https:\/\/jaeger-fluid.de\/en\/wp-json\/wp\/v2\/users\/1"}],"replies":[{"embeddable":true,"href":"https:\/\/jaeger-fluid.de\/en\/wp-json\/wp\/v2\/comments?post=1389"}],"version-history":[{"count":22,"href":"https:\/\/jaeger-fluid.de\/en\/wp-json\/wp\/v2\/pages\/1389\/revisions"}],"predecessor-version":[{"id":1852,"href":"https:\/\/jaeger-fluid.de\/en\/wp-json\/wp\/v2\/pages\/1389\/revisions\/1852"}],"wp:attachment":[{"href":"https:\/\/jaeger-fluid.de\/en\/wp-json\/wp\/v2\/media?parent=1389"}],"curies":[{"name":"wp","href":"https:\/\/api.w.org\/{rel}","templated":true}]}}